{"id":92,"date":"2019-03-06T13:45:17","date_gmt":"2019-03-06T12:45:17","guid":{"rendered":"http:\/\/navicon.wasta.at\/?page_id=92"},"modified":"2019-03-06T13:45:17","modified_gmt":"2019-03-06T12:45:17","slug":"naviinterim","status":"publish","type":"page","link":"https:\/\/www.navicon.at\/index.php\/naviinterim\/","title":{"rendered":"navi:interim"},"content":{"rendered":"<p><\/p>\n<h3 class=\"wp-block-heading\">navi:interim<\/h3>\n<p><\/p>\n<p><\/p>\n<p><strong>Structure follows strategy!\u201c<\/strong> (Chandler, 1962): Schnell<br \/>\nwachsende Klein- und Mittelbetriebe hinken meist mit der<br \/>\norganisatorischen Entwicklung dem Unternehmenswachstum hinterher. Dieser<br \/>\n Umstand f\u00fchrt in weiterer Folge dazu, dass zeitliche und fachliche<br \/>\nRessourcen bei den Managementkapazit\u00e4ten fehlen. Somit k\u00f6nnen<br \/>\nstrategisch wichtige T\u00e4tigkeiten und Projekte nicht oder nicht<br \/>\nentsprechend der vereinbarten Vorgaben fertiggestellt werden.<\/p>\n<p><\/p>\n<p><\/p>\n<figure class=\"wp-block-image\"><img loading=\"lazy\" decoding=\"async\" width=\"1024\" height=\"436\" src=\"http:\/\/navicon.wasta.at\/wp-content\/uploads\/2019\/03\/navi_interim_NEU1-1024x436.jpg\" alt=\"\" class=\"wp-image-93\" srcset=\"https:\/\/www.navicon.at\/wp-content\/uploads\/2019\/03\/navi_interim_NEU1-1024x436.jpg 1024w, https:\/\/www.navicon.at\/wp-content\/uploads\/2019\/03\/navi_interim_NEU1-300x128.jpg 300w, https:\/\/www.navicon.at\/wp-content\/uploads\/2019\/03\/navi_interim_NEU1-768x327.jpg 768w, https:\/\/www.navicon.at\/wp-content\/uploads\/2019\/03\/navi_interim_NEU1-940x400.jpg 940w, https:\/\/www.navicon.at\/wp-content\/uploads\/2019\/03\/navi_interim_NEU1.jpg 1850w\" sizes=\"auto, (max-width: 1024px) 100vw, 1024px\" \/><figcaption> Gerne unterst\u00fctzen wir Sie bei Ihren Managementaufgaben. <\/figcaption><\/figure>\n<p><\/p>\n<p><\/p>\n<p>Wir unterst\u00fctzen Sie bei der Bearbeitung von kaufm\u00e4nnischen  Themenstellungen, insbesondere im Bereich Finanzen\/Controlling, Einkauf  und\u00a0 Merger &amp; Acquisition von der Konzeption bis zur Umsetzung.  Diese zeitlich befristete T\u00e4tigkeit endet mit der erbrachten Leistung  oder mit dem Ende des Zeitvertrages, beispielsweise bei der \u00dcberbr\u00fcckung  von Personalengp\u00e4ssen. <\/p>\n<p><\/p>\n<p><\/p>\n<blockquote class=\"wp-block-quote is-layout-flow wp-block-quote-is-layout-flow\">\n<p>Unsere kompetenten Berater unterst\u00fctzen Sie gerne \u2013 nach Bedarf \u2013 bei Ihren Managementaktivit\u00e4ten<\/p>\n<\/blockquote>\n<p><\/p>\n","protected":false},"excerpt":{"rendered":"<p>navi:interim Structure follows strategy!\u201c (Chandler, 1962): Schnell wachsende Klein- und Mittelbetriebe hinken meist mit der organisatorischen Entwicklung dem Unternehmenswachstum hinterher. Dieser Umstand f\u00fchrt in weiterer Folge dazu, dass zeitliche und fachliche Ressourcen bei den Managementkapazit\u00e4ten fehlen. Somit k\u00f6nnen strategisch wichtige [&hellip;]<\/p>\n","protected":false},"author":1,"featured_media":0,"parent":0,"menu_order":0,"comment_status":"closed","ping_status":"closed","template":"","meta":{"footnotes":""},"class_list":["post-92","page","type-page","status-publish","hentry"],"_links":{"self":[{"href":"https:\/\/www.navicon.at\/index.php\/wp-json\/wp\/v2\/pages\/92","targetHints":{"allow":["GET"]}}],"collection":[{"href":"https:\/\/www.navicon.at\/index.php\/wp-json\/wp\/v2\/pages"}],"about":[{"href":"https:\/\/www.navicon.at\/index.php\/wp-json\/wp\/v2\/types\/page"}],"author":[{"embeddable":true,"href":"https:\/\/www.navicon.at\/index.php\/wp-json\/wp\/v2\/users\/1"}],"replies":[{"embeddable":true,"href":"https:\/\/www.navicon.at\/index.php\/wp-json\/wp\/v2\/comments?post=92"}],"version-history":[{"count":1,"href":"https:\/\/www.navicon.at\/index.php\/wp-json\/wp\/v2\/pages\/92\/revisions"}],"predecessor-version":[{"id":94,"href":"https:\/\/www.navicon.at\/index.php\/wp-json\/wp\/v2\/pages\/92\/revisions\/94"}],"wp:attachment":[{"href":"https:\/\/www.navicon.at\/index.php\/wp-json\/wp\/v2\/media?parent=92"}],"curies":[{"name":"wp","href":"https:\/\/api.w.org\/{rel}","templated":true}]}}