{"id":89,"date":"2019-03-06T13:43:49","date_gmt":"2019-03-06T12:43:49","guid":{"rendered":"http:\/\/navicon.wasta.at\/?page_id=89"},"modified":"2019-03-06T13:43:49","modified_gmt":"2019-03-06T12:43:49","slug":"navicockpit","status":"publish","type":"page","link":"https:\/\/www.navicon.at\/index.php\/navicockpit\/","title":{"rendered":"navi:cockpit"},"content":{"rendered":"<p><\/p>\n<h3 class=\"wp-block-heading\">navi:cockpit<\/h3>\n<p><\/p>\n<p><\/p>\n<p>Die neueste Befragung des Kreditschutzverbandes 1870 zeigt, dass  Fehleinsch\u00e4tzungen und die daraus resultierenden Fehlentscheidungen des  Managements ma\u00dfgeblich f\u00fcr Insolvenzen verantwortlich sind. Das  navi:cockpit beinhaltet die wesentlichen Tools der navi:box. Vor allem  die entsprechenden Reporting- und Kennzahlensysteme, die f\u00fcr eine  zielorientierte F\u00fchrung und Steuerung Ihres Unternehmens notwendig sind. <\/p>\n<p><\/p>\n<p><\/p>\n<figure class=\"wp-block-image\"><img loading=\"lazy\" decoding=\"async\" width=\"1024\" height=\"436\" src=\"http:\/\/navicon.wasta.at\/wp-content\/uploads\/2019\/03\/cockpit_mittel-1024x436.jpg\" alt=\"\" class=\"wp-image-90\" srcset=\"https:\/\/www.navicon.at\/wp-content\/uploads\/2019\/03\/cockpit_mittel-1024x436.jpg 1024w, https:\/\/www.navicon.at\/wp-content\/uploads\/2019\/03\/cockpit_mittel-300x128.jpg 300w, https:\/\/www.navicon.at\/wp-content\/uploads\/2019\/03\/cockpit_mittel-768x327.jpg 768w, https:\/\/www.navicon.at\/wp-content\/uploads\/2019\/03\/cockpit_mittel-940x400.jpg 940w\" sizes=\"auto, (max-width: 1024px) 100vw, 1024px\" \/><figcaption>Das navi:cockpit integriert alle wesentlichen Tools der navi:box. <\/figcaption><\/figure>\n<p><\/p>\n<p><\/p>\n<blockquote class=\"wp-block-quote is-layout-flow wp-block-quote-is-layout-flow\">\n<p>Das navi:cockpit ist das Steuer Ihrer unternehmerische Zukunft <\/p>\n<\/blockquote>\n<p><\/p>\n","protected":false},"excerpt":{"rendered":"<p>navi:cockpit Die neueste Befragung des Kreditschutzverbandes 1870 zeigt, dass Fehleinsch\u00e4tzungen und die daraus resultierenden Fehlentscheidungen des Managements ma\u00dfgeblich f\u00fcr Insolvenzen verantwortlich sind. Das navi:cockpit beinhaltet die wesentlichen Tools der navi:box. Vor allem die entsprechenden Reporting- und Kennzahlensysteme, die f\u00fcr eine [&hellip;]<\/p>\n","protected":false},"author":1,"featured_media":0,"parent":0,"menu_order":0,"comment_status":"closed","ping_status":"closed","template":"","meta":{"footnotes":""},"class_list":["post-89","page","type-page","status-publish","hentry"],"_links":{"self":[{"href":"https:\/\/www.navicon.at\/index.php\/wp-json\/wp\/v2\/pages\/89","targetHints":{"allow":["GET"]}}],"collection":[{"href":"https:\/\/www.navicon.at\/index.php\/wp-json\/wp\/v2\/pages"}],"about":[{"href":"https:\/\/www.navicon.at\/index.php\/wp-json\/wp\/v2\/types\/page"}],"author":[{"embeddable":true,"href":"https:\/\/www.navicon.at\/index.php\/wp-json\/wp\/v2\/users\/1"}],"replies":[{"embeddable":true,"href":"https:\/\/www.navicon.at\/index.php\/wp-json\/wp\/v2\/comments?post=89"}],"version-history":[{"count":1,"href":"https:\/\/www.navicon.at\/index.php\/wp-json\/wp\/v2\/pages\/89\/revisions"}],"predecessor-version":[{"id":91,"href":"https:\/\/www.navicon.at\/index.php\/wp-json\/wp\/v2\/pages\/89\/revisions\/91"}],"wp:attachment":[{"href":"https:\/\/www.navicon.at\/index.php\/wp-json\/wp\/v2\/media?parent=89"}],"curies":[{"name":"wp","href":"https:\/\/api.w.org\/{rel}","templated":true}]}}