{"id":86,"date":"2019-03-06T13:42:07","date_gmt":"2019-03-06T12:42:07","guid":{"rendered":"http:\/\/navicon.wasta.at\/?page_id=86"},"modified":"2019-03-06T13:42:07","modified_gmt":"2019-03-06T12:42:07","slug":"naviliquiditaet","status":"publish","type":"page","link":"https:\/\/www.navicon.at\/index.php\/naviliquiditaet\/","title":{"rendered":"navi:liquidit\u00e4t"},"content":{"rendered":"<p><\/p>\n<h3 class=\"wp-block-heading\">navi:liquidit\u00e4t<\/h3>\n<p><\/p>\n<p><\/p>\n<p>navi:liquidit\u00e4t findet die optimale Finanzstruktur Ihres Unternehmens.  Wir sind Ihnen nicht nur\u00a0 bei der Erstellung eines Finanzplanes  behilflich, sondern k\u00fcmmern uns rechtzeitig um etwaige  Finanzierungsl\u00fccken. Zur Krisenpr\u00e4vention erarbeiten wir mit Ihnen eine,  f\u00fcr Ihr Gesch\u00e4ftsmodell passende, Finanzierungs- und Cash-Strategie,  die Sie mit Hilfe von geeigneten Ma\u00dfnahmen (Working Capital-Management,  Factoring oder Mahnwesen) in der festgelegten Planperiode erreichen. <\/p>\n<p><\/p>\n<p><\/p>\n<figure class=\"wp-block-image\"><img loading=\"lazy\" decoding=\"async\" width=\"1024\" height=\"802\" src=\"http:\/\/navicon.wasta.at\/wp-content\/uploads\/2019\/03\/navi_liquidit\u00e4t_mittel-1024x802.jpg\" alt=\"\" class=\"wp-image-87\" srcset=\"https:\/\/www.navicon.at\/wp-content\/uploads\/2019\/03\/navi_liquidit\u00e4t_mittel-1024x802.jpg 1024w, https:\/\/www.navicon.at\/wp-content\/uploads\/2019\/03\/navi_liquidit\u00e4t_mittel-300x235.jpg 300w, https:\/\/www.navicon.at\/wp-content\/uploads\/2019\/03\/navi_liquidit\u00e4t_mittel-768x601.jpg 768w, https:\/\/www.navicon.at\/wp-content\/uploads\/2019\/03\/navi_liquidit\u00e4t_mittel.jpg 1358w\" sizes=\"auto, (max-width: 1024px) 100vw, 1024px\" \/><figcaption>Die navi:liquidit\u00e4t optimiert den Cash-Cycle Ihres Unternehmens. <\/figcaption><\/figure>\n<p><\/p>\n<p><\/p>\n<blockquote class=\"wp-block-quote is-layout-flow wp-block-quote-is-layout-flow\">\n<p>Die Krisen in den letzten Jahren haben gezeigt, dass der  Unternehmensfortbestand im h\u00f6chsten Ma\u00df von der Finanzierungs- und  Liquidit\u00e4tssituation abh\u00e4ngt. Unternehmen mit einer  \u00fcberdurchschnittlichen Eigenkapitalquote und flexiblen Strukturen  \u00fcberstanden die Krisen ohne gr\u00f6\u00dfere Sch\u00e4den <\/p>\n<\/blockquote>\n<p><\/p>\n","protected":false},"excerpt":{"rendered":"<p>navi:liquidit\u00e4t navi:liquidit\u00e4t findet die optimale Finanzstruktur Ihres Unternehmens. Wir sind Ihnen nicht nur\u00a0 bei der Erstellung eines Finanzplanes behilflich, sondern k\u00fcmmern uns rechtzeitig um etwaige Finanzierungsl\u00fccken. Zur Krisenpr\u00e4vention erarbeiten wir mit Ihnen eine, f\u00fcr Ihr Gesch\u00e4ftsmodell passende, Finanzierungs- und Cash-Strategie, [&hellip;]<\/p>\n","protected":false},"author":1,"featured_media":0,"parent":0,"menu_order":0,"comment_status":"closed","ping_status":"closed","template":"","meta":{"footnotes":""},"class_list":["post-86","page","type-page","status-publish","hentry"],"_links":{"self":[{"href":"https:\/\/www.navicon.at\/index.php\/wp-json\/wp\/v2\/pages\/86","targetHints":{"allow":["GET"]}}],"collection":[{"href":"https:\/\/www.navicon.at\/index.php\/wp-json\/wp\/v2\/pages"}],"about":[{"href":"https:\/\/www.navicon.at\/index.php\/wp-json\/wp\/v2\/types\/page"}],"author":[{"embeddable":true,"href":"https:\/\/www.navicon.at\/index.php\/wp-json\/wp\/v2\/users\/1"}],"replies":[{"embeddable":true,"href":"https:\/\/www.navicon.at\/index.php\/wp-json\/wp\/v2\/comments?post=86"}],"version-history":[{"count":2,"href":"https:\/\/www.navicon.at\/index.php\/wp-json\/wp\/v2\/pages\/86\/revisions"}],"predecessor-version":[{"id":108,"href":"https:\/\/www.navicon.at\/index.php\/wp-json\/wp\/v2\/pages\/86\/revisions\/108"}],"wp:attachment":[{"href":"https:\/\/www.navicon.at\/index.php\/wp-json\/wp\/v2\/media?parent=86"}],"curies":[{"name":"wp","href":"https:\/\/api.w.org\/{rel}","templated":true}]}}