{"id":74,"date":"2019-03-06T13:35:19","date_gmt":"2019-03-06T12:35:19","guid":{"rendered":"http:\/\/navicon.wasta.at\/?page_id=74"},"modified":"2019-03-06T13:35:19","modified_gmt":"2019-03-06T12:35:19","slug":"navibusiness-check","status":"publish","type":"page","link":"https:\/\/www.navicon.at\/index.php\/navibusiness-check\/","title":{"rendered":"navi:business check"},"content":{"rendered":"<p><\/p>\n<h3 class=\"wp-block-heading\"> navi:business check <\/h3>\n<p><\/p>\n<p>Der navi:business check wird vor jeder Beratungsleistung angewendet und umfasst eine detaillierte Ist-Analyse sowie ein Soll-Konzept, welches auf Ihr individuelles Gesch\u00e4ftsmodell abgestimmt ist. Da wir sehr eng mit F\u00f6rderstellen zusammenarbeiten, zeigen wir Ihnen zus\u00e4tzlich interessante F\u00f6rderm\u00f6glichkeiten f\u00fcr Ihre Projekte auf.<br \/><!--StartFragment--><\/p>\n<p><\/p>\n<figure class=\"wp-block-image\"><img loading=\"lazy\" decoding=\"async\" width=\"1024\" height=\"802\" src=\"http:\/\/navicon.wasta.at\/wp-content\/uploads\/2019\/03\/navi_business-check_mittel-1024x802.jpg\" alt=\"\" class=\"wp-image-75\" srcset=\"https:\/\/www.navicon.at\/wp-content\/uploads\/2019\/03\/navi_business-check_mittel-1024x802.jpg 1024w, https:\/\/www.navicon.at\/wp-content\/uploads\/2019\/03\/navi_business-check_mittel-300x235.jpg 300w, https:\/\/www.navicon.at\/wp-content\/uploads\/2019\/03\/navi_business-check_mittel-768x601.jpg 768w, https:\/\/www.navicon.at\/wp-content\/uploads\/2019\/03\/navi_business-check_mittel.jpg 1358w\" sizes=\"auto, (max-width: 1024px) 100vw, 1024px\" \/><figcaption>Der navi:business check im navicon Beratungsprozess. <\/figcaption><\/figure>\n<p><\/p>\n<p><\/p>\n<p>Wir verstehen uns als Berater, die Ihre unternehmerische  Ausgangssituation ganzheitlich ergr\u00fcnden und durch intelligente  L\u00f6sungsans\u00e4tze die Erreichbarkeit Ihrer Unternehmensziele maximal  unterst\u00fctzen. <\/p>\n<p><\/p>\n<p><\/p>\n<blockquote class=\"wp-block-quote is-layout-flow wp-block-quote-is-layout-flow\">\n<p>Unser einst\u00fcndiger Quick-Check ist f\u00fcr Sie komplett kostenlos und zeigt  bereits individuelle Probleml\u00f6sungen auf. \u00dcberzeugen Sie sich selbst! <\/p>\n<\/blockquote>\n<p><\/p>\n","protected":false},"excerpt":{"rendered":"<p>navi:business check Der navi:business check wird vor jeder Beratungsleistung angewendet und umfasst eine detaillierte Ist-Analyse sowie ein Soll-Konzept, welches auf Ihr individuelles Gesch\u00e4ftsmodell abgestimmt ist. Da wir sehr eng mit F\u00f6rderstellen zusammenarbeiten, zeigen wir Ihnen zus\u00e4tzlich interessante F\u00f6rderm\u00f6glichkeiten f\u00fcr Ihre [&hellip;]<\/p>\n","protected":false},"author":1,"featured_media":0,"parent":0,"menu_order":0,"comment_status":"closed","ping_status":"closed","template":"","meta":{"footnotes":""},"class_list":["post-74","page","type-page","status-publish","hentry"],"_links":{"self":[{"href":"https:\/\/www.navicon.at\/index.php\/wp-json\/wp\/v2\/pages\/74","targetHints":{"allow":["GET"]}}],"collection":[{"href":"https:\/\/www.navicon.at\/index.php\/wp-json\/wp\/v2\/pages"}],"about":[{"href":"https:\/\/www.navicon.at\/index.php\/wp-json\/wp\/v2\/types\/page"}],"author":[{"embeddable":true,"href":"https:\/\/www.navicon.at\/index.php\/wp-json\/wp\/v2\/users\/1"}],"replies":[{"embeddable":true,"href":"https:\/\/www.navicon.at\/index.php\/wp-json\/wp\/v2\/comments?post=74"}],"version-history":[{"count":2,"href":"https:\/\/www.navicon.at\/index.php\/wp-json\/wp\/v2\/pages\/74\/revisions"}],"predecessor-version":[{"id":105,"href":"https:\/\/www.navicon.at\/index.php\/wp-json\/wp\/v2\/pages\/74\/revisions\/105"}],"wp:attachment":[{"href":"https:\/\/www.navicon.at\/index.php\/wp-json\/wp\/v2\/media?parent=74"}],"curies":[{"name":"wp","href":"https:\/\/api.w.org\/{rel}","templated":true}]}}