{"id":59,"date":"2019-03-06T12:14:11","date_gmt":"2019-03-06T11:14:11","guid":{"rendered":"http:\/\/navicon.wasta.at\/?page_id=59"},"modified":"2019-03-06T14:10:02","modified_gmt":"2019-03-06T13:10:02","slug":"christian-schmiedseder","status":"publish","type":"page","link":"https:\/\/www.navicon.at\/index.php\/christian-schmiedseder\/","title":{"rendered":"Christian Schmiedseder"},"content":{"rendered":"<p><\/p>\n<figure class=\"wp-block-image is-resized\"><img loading=\"lazy\" decoding=\"async\" src=\"http:\/\/navicon.wasta.at\/wp-content\/uploads\/2019\/03\/Passfoto-Papa_NEU1-1.jpg\" alt=\"\" class=\"wp-image-60\" width=\"315\" height=\"420\" srcset=\"https:\/\/www.navicon.at\/wp-content\/uploads\/2019\/03\/Passfoto-Papa_NEU1-1.jpg 709w, https:\/\/www.navicon.at\/wp-content\/uploads\/2019\/03\/Passfoto-Papa_NEU1-1-225x300.jpg 225w\" sizes=\"auto, (max-width: 315px) 100vw, 315px\" \/><figcaption> Ing. Mag. Christian Schmiedseder <\/figcaption><\/figure>\n<p><\/p>\n<p><\/p>\n<p><strong>Ing. Mag. Christian Schmiedseder<\/strong> ist Spezialist im<br \/>\nBereich Unternehmensplanung und \u2013steuerung. Mit seiner zwanzigj\u00e4hrigen<br \/>\nErfahrung in Produktionsbetrieben und als Certified Senior Risk Manager&nbsp;<br \/>\n ist er Ansprechpartner f\u00fcr Ihre betriebswirtschaftlichen Themen,<br \/>\ninsbesondere bei strukturellen Ver\u00e4nderungen und f\u00fcr Krisenzeiten.<br \/>\nUnternehmensberatung und Interimsmanagement mit Fokus auf den<br \/>\nkaufm\u00e4nnischen Bereich von Klein- und Mittelbetrieben ist der<br \/>\nSchwerpunkt seiner Dienstleistung.<\/p>\n<p><\/p>\n<p><\/p>\n<p><strong>Berufs- und Projekterfahrung<\/strong><\/p>\n<p><\/p>\n<p><\/p>\n<ul class=\"wp-block-list\">\n<li>Berater<\/li>\n<li>Interimmanager<\/li>\n<li>Projektmanager<\/li>\n<li>Leiter Finanzen<\/li>\n<li>Leiter Controlling<\/li>\n<\/ul>\n<p><\/p>\n<p><\/p>\n<p><strong>Beratungsschwerpunkte<\/strong><\/p>\n<p><\/p>\n<p><\/p>\n<ul class=\"wp-block-list\">\n<li>strategische Planung und Budgeterstellung<\/li>\n<li>Kostenrechnung, Kalkulation<\/li>\n<li>F\u00fchrung- und Steuerungssysteme<\/li>\n<li>Fr\u00fchwarnsysteme, Zielvereinbarungssysteme<\/li>\n<li>Einf\u00fchrung Beschaffungs-, Logistik- und Vertriebscontrolling<\/li>\n<li>Unternehmens- und Strategieentwicklung<\/li>\n<li>Einf\u00fchrung ERP-System (Schwerpunkt FI\/CO)<\/li>\n<li>Prozess- und Change-Management<\/li>\n<\/ul>\n<p><\/p>\n<p><\/p>\n<p><strong>Branchenkompetenz<\/strong><\/p>\n<p><\/p>\n<p><\/p>\n<ul class=\"wp-block-list\">\n<li>Stahl-\/Metallbranche<\/li>\n<li>Maschinen- und Anlagenbau<\/li>\n<li>Netzwerktechnik<\/li>\n<li>Verarbeitende Industrie und Gewerbe<\/li>\n<\/ul>\n<p><\/p>\n<p><\/p>\n<p>\u2014\u2014\u2014<\/p>\n<p><\/p>\n<p><\/p>\n<p>Lektor an der FH-Steyr<\/p>\n<p><\/p>\n<p><\/p>\n<p>Trainert\u00e4tigkeit&nbsp; bei WIFI<\/p>\n<p><\/p>\n<p><\/p>\n<p>Mein Profil auf <a href=\"https:\/\/www.xing.com\/profile\/Christian_Schmiedseder\/cv?sc_o=mxb_p\">XING<\/a>.<\/p>\n<p><\/p>\n","protected":false},"excerpt":{"rendered":"<p>Ing. Mag. Christian Schmiedseder ist Spezialist im Bereich Unternehmensplanung und \u2013steuerung. Mit seiner zwanzigj\u00e4hrigen Erfahrung in Produktionsbetrieben und als Certified Senior Risk Manager&nbsp; ist er Ansprechpartner f\u00fcr Ihre betriebswirtschaftlichen Themen, insbesondere bei strukturellen Ver\u00e4nderungen und f\u00fcr Krisenzeiten. Unternehmensberatung und Interimsmanagement [&hellip;]<\/p>\n","protected":false},"author":1,"featured_media":0,"parent":0,"menu_order":0,"comment_status":"closed","ping_status":"closed","template":"","meta":{"footnotes":""},"class_list":["post-59","page","type-page","status-publish","hentry"],"_links":{"self":[{"href":"https:\/\/www.navicon.at\/index.php\/wp-json\/wp\/v2\/pages\/59","targetHints":{"allow":["GET"]}}],"collection":[{"href":"https:\/\/www.navicon.at\/index.php\/wp-json\/wp\/v2\/pages"}],"about":[{"href":"https:\/\/www.navicon.at\/index.php\/wp-json\/wp\/v2\/types\/page"}],"author":[{"embeddable":true,"href":"https:\/\/www.navicon.at\/index.php\/wp-json\/wp\/v2\/users\/1"}],"replies":[{"embeddable":true,"href":"https:\/\/www.navicon.at\/index.php\/wp-json\/wp\/v2\/comments?post=59"}],"version-history":[{"count":2,"href":"https:\/\/www.navicon.at\/index.php\/wp-json\/wp\/v2\/pages\/59\/revisions"}],"predecessor-version":[{"id":110,"href":"https:\/\/www.navicon.at\/index.php\/wp-json\/wp\/v2\/pages\/59\/revisions\/110"}],"wp:attachment":[{"href":"https:\/\/www.navicon.at\/index.php\/wp-json\/wp\/v2\/media?parent=59"}],"curies":[{"name":"wp","href":"https:\/\/api.w.org\/{rel}","templated":true}]}}